{"id":46,"date":"2012-01-24T21:29:09","date_gmt":"2012-01-24T20:29:09","guid":{"rendered":"http:\/\/www.knbj.sk\/cms\/?page_id=46"},"modified":"2021-10-12T17:11:50","modified_gmt":"2021-10-12T15:11:50","slug":"cisty-bardejov","status":"publish","type":"page","link":"https:\/\/www.knbj.sk\/cms\/?page_id=46","title":{"rendered":"Grantov\u00e9 programy"},"content":{"rendered":"<div style=\"text-align: left;\">\n<div>\n<div>\n<p><span style=\"color: #993300;\"><strong>AKTU\u00c1LNA V\u00ddZVA<\/strong><\/span><\/p>\n<div>Spr\u00e1vna rada Komunitnej nad\u00e1cie Bardejov schv\u00e1lila 5.okt\u00f3bra.2021 dva grantov\u00e9 programy zameran\u00e9 na podporu komunitn\u00e9ho \u017eivota v meste so zoh\u013eadnen\u00edm proti &#8211; pandemick\u00fdch opatren\u00ed v spolo\u010dnosti. Pre\u010d\u00edtajte si detailnej\u0161ie podmienky v aktu\u00e1lnej <strong><a href=\"http:\/\/www.knbj.sk\/cms\/wp-content\/uploads\/V\u00fdzva-Grant.-progr.-KNBJ-II.-kolo-2021.pdf\">V\u00ddZVE<\/a><\/strong>. Svoje \u017eiadosti o grant m\u00f4\u017eete pod\u00e1va\u0165 do<strong> 8.novembra 2021<\/strong> do 16:00.<\/div>\n<\/div>\n<\/div>\n<\/div>\n<div><\/div>\n<div><\/div>\n<div style=\"text-align: left;\">\n<div>\n<div>\n<div><\/div>\n<\/div>\n<\/div>\n<\/div>\n<div>\n<div>\n<div>\n<div style=\"text-align: left;\">\n<div>\n<div>\n<h5><span style=\"color: #000000;\"><strong>Deti a ml\u00e1de\u017e<\/strong><\/span><\/h5>\n<div><\/div>\n<\/div>\n<\/div>\n<\/div>\n<div>\n<div><span style=\"font-size: inherit;\">Program je zameran\u00fd na akt\u00edvne a tvoriv\u00e9 vyu\u017e\u00edvanie vo\u013en\u00e9ho \u010dasu det\u00ed a ml\u00e1de\u017ee. Podporuje inovat\u00edvne aj on-line formy aktiviz\u00e1cie, podnecovanie tvorivosti, prehlbovanie tolerancie, z\u00e1ujmu o dianie v svojej komunite a\u00a0v\u00fdchovy k\u00a0demokratick\u00fdm hodnot\u00e1m. Maxim\u00e1lna v\u00fd\u0161ka grantu je\u00a0 450 \u20ac\u00a0 a\u00a0vlastn\u00e9 vklady \u017eiadate\u013ea predstavuj\u00fa minim\u00e1lne 15% rozpo\u010dtu projektu.<\/span><\/div>\n<div><\/div>\n<\/div>\n<\/div>\n<\/div>\n<div><strong><a href=\"http:\/\/www.knbj.sk\/cms\/wp-content\/uploads\/Deti-a-ml\u00e1de\u017e-II.-kolo-2021.docx\"><span style=\"text-decoration: underline;\">Formul\u00e1r \u017eiadosti<\/span><\/a><\/strong>&#8211; na stiahnutie<\/div>\n<\/div>\n<div><\/div>\n<div><\/div>\n<div><\/div>\n<div>\n<div>\n<div>\n<div>\n<div>\n<div>\n<h5><span style=\"color: #000000;\"><strong>\u010cist\u00fd Bardejov<\/strong><\/span><\/h5>\n<\/div>\n<\/div>\n<div>\n<div>\n<p>Cie\u013eom programu je podpora ak\u00fdchko\u013evek ob\u010dianskych aktiv\u00edt zameran\u00fdch na skvalitnenie \u017eivotn\u00e9ho priestoru v mieste bydliska, verejn\u00fdch priestranstiev a taktie\u017e v okol\u00ed objektov organiz\u00e1ci\u00ed. Taktie\u017e na podporu aktiv\u00edt, aj podnikate\u013esk\u00fdch, ktor\u00e9 podstatne zn\u00ed\u017eia tvorbu odpadov. \u017diadate\u013e m\u00f4\u017ee z\u00edska\u0165 grant do v\u00fd\u0161ky 600 \u20ac, pri\u010dom vzh\u013eadom na syst\u00e9m pomern\u00e9ho financovania projektov prispieva 10 % priamych finan\u010dn\u00fdch n\u00e1kladov a 20 % nefinan\u010dn\u00fdch n\u00e1kladov z rozpo\u010dtu projektu (dobrovo\u013en\u00edcka pr\u00e1ca, materi\u00e1l a pod.)<\/p>\n<\/div>\n<\/div>\n<\/div>\n<div><strong><a href=\"http:\/\/www.knbj.sk\/cms\/wp-content\/uploads\/\u010cist\u00fd-Bardejov-II.-kolo-2021.docx\"><span style=\"text-decoration: underline;\">Formul\u00e1r \u017eiadosti<\/span><\/a><\/strong>&#8211; na stiahnutie<\/div>\n<div><\/div>\n<\/div>\n<\/div>\n<\/div>\n<div>\n<hr \/>\n<\/div>\n<div>\n<div>\n<div>\n<p><strong>Klub darcov<\/strong><\/p>\n<\/div>\n<div>\n<div><\/div>\n<div>Program sa zameriava na podporu ob\u010dianskych aktiv\u00edt, ktor\u00e9 prispej\u00fa k zlep\u0161eniu medzi\u013eudsk\u00fdch \/ susedsk\u00fdch vz\u0165ahov obyvate\u013eov mesta, prispej\u00fa k posilneniu miestnej demokracie, alebo zve\u013ea\u010fuj\u00fa vn\u00fatorn\u00e9 \u010di vonkaj\u0161ie priestory, ktor\u00e9 m\u00f4\u017eu sl\u00fa\u017ei\u0165 na verejne prospe\u0161n\u00e9 aktivity. \u017diadate\u013e m\u00f4\u017ee z\u00edska\u0165 grant do v\u00fd\u0161ky\u00a0<strong>700 \u20ac<\/strong> (<em>formou tzv. live fundingu m\u00f4\u017ee \u017eiadate\u013e z\u00edska\u0165 nav\u00fd\u0161enie grantu). S<\/em>polufinancovanie projektu je vo v\u00fd\u0161ke <strong>10 %<\/strong>\u00a0zo schv\u00e1lenej sumy.<\/div>\n<div>V\u00fdnimo\u010dnos\u0165 tohto grantov\u00e9ho programu spo\u010d\u00edva v kr\u00e1tkych osobn\u00fdch prezent\u00e1ci\u00e1ch \u017eiadate\u013eov priamo pred hodnotiacou komisiou, ktor\u00fa tvoria \u010dlenovia <strong><a href=\"http:\/\/www.knbj.sk\/cms\/?page_id=697\">Klubu darcov<\/a><\/strong>.<\/div>\n<div><\/div>\n<div><\/div>\n<\/div>\n<\/div>\n<\/div>\n<div><\/div>\n<div style=\"text-align: left;\">\n<div>\n<div style=\"text-align: left;\">\n<div>\n<div>\n<div>\n<hr \/>\n<\/div>\n<div><\/div>\n<\/div>\n<\/div>\n<\/div>\n<div>\n<div>\n<p><span style=\"color: #333333;\"><strong>Seniori<\/strong><\/span><\/p>\n<p>Cie\u013eom programu je podpora ak\u00fdchko\u013evek ob\u010dianskych, zdravotn\u00edckych, vzdel\u00e1vac\u00edch a kult\u00farnych aktiv\u00edt, ktor\u00e9 pom\u00e1haj\u00fa k ochrane zdravia a akt\u00edvnemu starnutiu \u013eud\u00ed na starobnom d\u00f4chodku a ich\u00a0 akt\u00edvneho zap\u00e1jania sa do verejn\u00e9ho \u017eivota v oblastiach, ktor\u00e9 prispej\u00fa k zlep\u0161ovaniu ich du\u0161evn\u00e9ho a fyzick\u00e9ho zdravia, napom\u00f4\u017eu zlep\u0161eniu dobr\u00fdch medzi\u013eudsk\u00fdch\/ susedsk\u00fdch vz\u0165ahov v r\u00f4znych \u010dastiach mesta, prispej\u00fa k medzigenera\u010dn\u00e9mu dial\u00f3gu v meste, odovzd\u00e1vanie sk\u00fasenosti mlad\u0161ej gener\u00e1cie, spolo\u010dn\u00e9 debaty s mlad\u0161ou gener\u00e1ciou na spolo\u010densk\u00e9 t\u00e9my, vz\u00e1jomn\u00e9 vzdel\u00e1vanie sa a pod.). Maxim\u00e1lna v\u00fd\u0161ka grantu je 400 \u20ac . Spolufinancovanie \u017eiadate\u013eom je minim\u00e1lne vo v\u00fd\u0161ke 10% rozpo\u010dtu projektu.<\/p>\n<\/div>\n<\/div>\n<\/div>\n<div><\/div>\n<\/div>\n<div><\/div>\n<div><\/div>\n<div style=\"text-align: left;\">\n<div>\n<hr \/>\n<\/div>\n<div>\n<div>\n<div><strong style=\"font-size: inherit;\">A(tra)kt\u00edvny Bardejov<\/strong><\/div>\n<\/div>\n<\/div>\n<\/div>\n<div>\n<div>\n<div><\/div>\n<\/div>\n<div><\/div>\n<div>Cie\u013eom programu je podpora ob\u010dianskych aktiv\u00edt prispievaj\u00facich k\u00a0v\u00fdraznej\u0161\u00edm zmen\u00e1m v\u00a0meste zatrakt\u00edv\u0148uj\u00facim a\u00a0skvalit\u0148uj\u00facim \u017eivot obyvate\u013eov Bardejova. Program podporuje aktivity, ktor\u00e9 zaktivizuj\u00fa obyvate\u013eov mesta alebo jeho \u010dasti k\u00a0spolo\u010dnej realiz\u00e1cii projektu, v\u00fdsledkom ktor\u00e9ho bude pozit\u00edvnej\u0161\u00ed pr\u00edstup k\u00a0svojej komunite a kvalitat\u00edvna zmena v\u00a0ich \u017eivote, predov\u0161etk\u00fdm v:<br \/>\n&#8211; spolo\u010dnom tr\u00e1ven\u00ed vo\u013en\u00e9ho \u010dasu s\u00a0ostatn\u00fdmi \u010dlenmi komunity (s\u00eddliska, mestskej \u010dasti a\u00a0pod.), so svojimi rovesn\u00edkmi, resp. \u010fal\u0161\u00edmi spoluob\u010danmi mesta,<br \/>\n&#8211; akt\u00edvnej\u0161om pr\u00edstupe obyvate\u013eov mesta, resp. jeho \u010dasti k\u00a0miestnemu verejn\u00e9mu \u017eivotu, darcovstvu a\u00a0filantropii,<br \/>\n&#8211; trvalej\u0161om\u00a0obohaten\u00ed doteraj\u0161ieho \u017eivota obyvate\u013eov mesta, alebo ur\u010ditej skupiny obyvate\u013eov v\u00a0kult\u00farnej, spolo\u010denskej, environment\u00e1lnej oblasti. Viac o programe sa dozviete\u00a0<strong><a href=\"http:\/\/www.knbj.sk\/cms\/?page_id=1359\">TU<\/a><\/strong>.<\/div>\n<div><\/div>\n<\/div>\n<div><\/div>\n<div>\n<hr \/>\n<\/div>\n<div style=\"text-align: left;\">\n<div>\n<div>\n<div><strong style=\"font-size: inherit;\">R\u00fdchle granty<\/strong><\/div>\n<\/div>\n<div>\n<p>Cie\u013eom programu je podpora ak\u00fdchko\u013evek ob\u010dianskych, vzdel\u00e1vac\u00edch a kult\u00farnych aktiv\u00edt, ktor\u00e9 si svojou povahou vy\u017eaduj\u00fa operat\u00edvne finan\u010dn\u00e9 zdroje.<br \/>\nPodpora jedn\u00e9ho projektu je obmedzen\u00e1 finan\u010dnou \u010diastkou max. 400,- \u20ac, pri\u010dom jednej organiz\u00e1cii m\u00f4\u017ee by\u0165 poskytnut\u00fd grant najviac raz za obdobie dvoch rokov. Spolu\u00fa\u010das\u0165 min. 50% z projektu.<br \/>\n<a href=\"http:\/\/www.knbj.sk\/cms\/?attachment_id=2760\" rel=\"attachment wp-att-2760\"><span style=\"text-decoration: underline; color: #808000;\"><strong>Formul\u00e1r \u017eiadosti o grant<\/strong><\/span><\/a> &#8211; na stiahnutie<\/p>\n<\/div>\n<\/div>\n<div>\n<hr \/>\n<p><strong>Kraj\u0161ie \u0161koly<\/strong><\/p>\n<p>V\u00fdchodiskom programu je my\u0161lienka skr\u00e1\u0161\u013eovania a zve\u013ea\u010fovania prostredia \u0161k\u00f4l tak, aby sa v\u00a0\u0148om \u017eiaci c\u00edtili dobre a\u00a0z\u00e1rove\u0148 ich toto prostredie podnecovalo k\u00a0tvoriv\u00e9mu procesu. Program podporuje \u00fapravu \u0161kolsk\u00fdch dvorov, zelen\u00fdch pl\u00f4ch v \u0161kolsk\u00fdch are\u00e1loch, ihr\u00edsk, exteri\u00e9rov\u00fdch ekou\u010debn\u00ed a vytv\u00e1ranie vonkaj\u0161\u00edch priestorov ur\u010den\u00fdch pre vzdel\u00e1vanie a vo\u013eno\u010dasov\u00e9 aktivity det\u00ed. <strong>Partnerom programu je spolo\u010dnos\u0165 TeHo Bardejov, s.r.o.<br \/>\n<\/strong>Maxim\u00e1lna v\u00fd\u0161ka grantu je 600 \u20ac. Spolufinancovanie \u017eiadate\u013eom je minim\u00e1lne vo v\u00fd\u0161ke 10% rozpo\u010dtu projektu.<\/p>\n<\/div>\n<div>\n<div>\n<hr \/>\n<\/div>\n<\/div>\n<div><\/div>\n<div>\n<div><span style=\"color: #333333;\">Svoje projekty v r\u00e1mci uveden\u00fdch grantov\u00fdch programov m\u00f4\u017eu predklada\u0165 <\/span><strong style=\"color: #333333;\">neform\u00e1lne skupiny ob\u010danov<\/strong><span style=\"color: #333333;\">\u00a0aj r\u00f4zne\u00a0<\/span><strong style=\"color: #333333;\">neziskov\u00e9\u00a0<\/strong><strong style=\"color: #333333;\">organiz\u00e1cie<\/strong><span style=\"color: #333333;\">. Podmienkou ich prijatia je\u00a0<\/span><strong style=\"color: #333333;\">aspo\u0148 1 osobn\u00e1 konzult\u00e1cia<\/strong><span style=\"color: #333333;\">\u00a0v na\u0161ej kancel\u00e1rii na Radni\u010dnom<\/span><\/div>\n<\/div>\n<div>n\u00e1mest\u00ed 21.<\/div>\n<\/div>\n","protected":false},"excerpt":{"rendered":"<p>AKTU\u00c1LNA V\u00ddZVA Spr\u00e1vna rada Komunitnej nad\u00e1cie Bardejov schv\u00e1lila 5.okt\u00f3bra.2021 dva grantov\u00e9 programy zameran\u00e9 na podporu komunitn\u00e9ho \u017eivota v meste so zoh\u013eadnen\u00edm proti &#8211; pandemick\u00fdch opatren\u00ed v spolo\u010dnosti. Pre\u010d\u00edtajte si detailnej\u0161ie podmienky v aktu\u00e1lnej V\u00ddZVE. Svoje \u017eiadosti o grant m\u00f4\u017eete pod\u00e1va\u0165 do 8.novembra 2021 do 16:00. Deti a ml\u00e1de\u017e Program je zameran\u00fd na akt\u00edvne a tvoriv\u00e9 [&hellip;]<\/p>\n","protected":false},"author":1,"featured_media":0,"parent":0,"menu_order":0,"comment_status":"closed","ping_status":"closed","template":"","meta":[],"_links":{"self":[{"href":"https:\/\/www.knbj.sk\/cms\/index.php?rest_route=\/wp\/v2\/pages\/46"}],"collection":[{"href":"https:\/\/www.knbj.sk\/cms\/index.php?rest_route=\/wp\/v2\/pages"}],"about":[{"href":"https:\/\/www.knbj.sk\/cms\/index.php?rest_route=\/wp\/v2\/types\/page"}],"author":[{"embeddable":true,"href":"https:\/\/www.knbj.sk\/cms\/index.php?rest_route=\/wp\/v2\/users\/1"}],"replies":[{"embeddable":true,"href":"https:\/\/www.knbj.sk\/cms\/index.php?rest_route=%2Fwp%2Fv2%2Fcomments&post=46"}],"version-history":[{"count":272,"href":"https:\/\/www.knbj.sk\/cms\/index.php?rest_route=\/wp\/v2\/pages\/46\/revisions"}],"predecessor-version":[{"id":2960,"href":"https:\/\/www.knbj.sk\/cms\/index.php?rest_route=\/wp\/v2\/pages\/46\/revisions\/2960"}],"wp:attachment":[{"href":"https:\/\/www.knbj.sk\/cms\/index.php?rest_route=%2Fwp%2Fv2%2Fmedia&parent=46"}],"curies":[{"name":"wp","href":"https:\/\/api.w.org\/{rel}","templated":true}]}}