{"id":3009,"date":"2022-02-03T12:52:04","date_gmt":"2022-02-03T11:52:04","guid":{"rendered":"https:\/\/www.knbj.sk\/cms\/?page_id=3009"},"modified":"2022-02-03T13:14:27","modified_gmt":"2022-02-03T12:14:27","slug":"3009-2","status":"publish","type":"page","link":"https:\/\/www.knbj.sk\/cms\/","title":{"rendered":"Nov\u00e1 str\u00e1nka"},"content":{"rendered":"<p>Prejdite na n\u00e1\u0161 <a href=\"https:\/\/www.knbj.sk\/\">nov\u00fd web<\/a>.<\/p>\n","protected":false},"excerpt":{"rendered":"<p>Prejdite na n\u00e1\u0161 nov\u00fd web.<\/p>\n","protected":false},"author":3,"featured_media":0,"parent":0,"menu_order":0,"comment_status":"closed","ping_status":"closed","template":"","meta":[],"_links":{"self":[{"href":"https:\/\/www.knbj.sk\/cms\/index.php?rest_route=\/wp\/v2\/pages\/3009"}],"collection":[{"href":"https:\/\/www.knbj.sk\/cms\/index.php?rest_route=\/wp\/v2\/pages"}],"about":[{"href":"https:\/\/www.knbj.sk\/cms\/index.php?rest_route=\/wp\/v2\/types\/page"}],"author":[{"embeddable":true,"href":"https:\/\/www.knbj.sk\/cms\/index.php?rest_route=\/wp\/v2\/users\/3"}],"replies":[{"embeddable":true,"href":"https:\/\/www.knbj.sk\/cms\/index.php?rest_route=%2Fwp%2Fv2%2Fcomments&post=3009"}],"version-history":[{"count":3,"href":"https:\/\/www.knbj.sk\/cms\/index.php?rest_route=\/wp\/v2\/pages\/3009\/revisions"}],"predecessor-version":[{"id":3013,"href":"https:\/\/www.knbj.sk\/cms\/index.php?rest_route=\/wp\/v2\/pages\/3009\/revisions\/3013"}],"wp:attachment":[{"href":"https:\/\/www.knbj.sk\/cms\/index.php?rest_route=%2Fwp%2Fv2%2Fmedia&parent=3009"}],"curies":[{"name":"wp","href":"https:\/\/api.w.org\/{rel}","templated":true}]}}